{"id":116,"date":"2025-10-09T12:38:43","date_gmt":"2025-10-09T12:38:43","guid":{"rendered":"https:\/\/voresbroen.dk\/index.php\/front_page-2\/"},"modified":"2025-11-27T14:59:59","modified_gmt":"2025-11-27T14:59:59","slug":"broen-bjerringbro","status":"publish","type":"page","link":"https:\/\/voresbroen.dk\/","title":{"rendered":"Home"},"content":{"rendered":"\n\n\n\n\n\n\n\n\n\n","protected":false},"excerpt":{"rendered":"","protected":false},"author":1,"featured_media":0,"parent":0,"menu_order":0,"comment_status":"closed","ping_status":"closed","template":"","meta":{"saved_in_kubio":true,"footnotes":""},"class_list":["post-116","page","type-page","status-publish","hentry"],"kubio_ai_page_context":{"short_desc":"","purpose":"general"},"yoast_head":"<!-- This site is optimized with the Yoast SEO plugin v26.1.1 - https:\/\/yoast.com\/wordpress\/plugins\/seo\/ -->\n<title>Broen Bjerringbro - Kultur og cafe<\/title>\n<meta name=\"description\" content=\"Broen er Bjerringbros m\u00f8de- og kultursted for unge. Caf\u00e9, koncerter, stand-up og mere. H\u00e6ng ud, lav lektier eller skab dig.\" \/>\n<meta name=\"robots\" content=\"index, follow, max-snippet:-1, max-image-preview:large, max-video-preview:-1\" \/>\n<link rel=\"canonical\" href=\"https:\/\/voresbroen.dk\/\" \/>\n<meta property=\"og:locale\" content=\"da_DK\" \/>\n<meta property=\"og:type\" content=\"article\" \/>\n<meta property=\"og:title\" content=\"Broen Bjerringbro - Kultur og cafe\" \/>\n<meta property=\"og:description\" content=\"Broen er Bjerringbros m\u00f8de- og kultursted for unge. Caf\u00e9, koncerter, stand-up og mere. H\u00e6ng ud, lav lektier eller skab dig.\" \/>\n<meta property=\"og:url\" content=\"https:\/\/voresbroen.dk\/\" \/>\n<meta property=\"og:site_name\" content=\"Broen\" \/>\n<meta property=\"article:modified_time\" content=\"2025-11-27T14:59:59+00:00\" \/>\n<meta name=\"twitter:card\" content=\"summary_large_image\" \/>\n<script type=\"application\/ld+json\" class=\"yoast-schema-graph\">{\"@context\":\"https:\/\/schema.org\",\"@graph\":[{\"@type\":\"WebPage\",\"@id\":\"https:\/\/voresbroen.dk\/\",\"url\":\"https:\/\/voresbroen.dk\/\",\"name\":\"Broen Bjerringbro - Kultur og cafe\",\"isPartOf\":{\"@id\":\"https:\/\/voresbroen.dk\/#website\"},\"datePublished\":\"2025-10-09T12:38:43+00:00\",\"dateModified\":\"2025-11-27T14:59:59+00:00\",\"description\":\"Broen er Bjerringbros m\u00f8de- og kultursted for unge. Caf\u00e9, koncerter, stand-up og mere. H\u00e6ng ud, lav lektier eller skab dig.\",\"breadcrumb\":{\"@id\":\"https:\/\/voresbroen.dk\/#breadcrumb\"},\"inLanguage\":\"da-DK\",\"potentialAction\":[{\"@type\":\"ReadAction\",\"target\":[\"https:\/\/voresbroen.dk\/\"]}]},{\"@type\":\"BreadcrumbList\",\"@id\":\"https:\/\/voresbroen.dk\/#breadcrumb\",\"itemListElement\":[{\"@type\":\"ListItem\",\"position\":1,\"name\":\"Hjem\",\"item\":\"https:\/\/voresbroen.dk\/\"},{\"@type\":\"ListItem\",\"position\":2,\"name\":\"Home\"}]},{\"@type\":\"WebSite\",\"@id\":\"https:\/\/voresbroen.dk\/#website\",\"url\":\"https:\/\/voresbroen.dk\/\",\"name\":\"Broen\",\"description\":\"Skabt af de unge - for de unge\",\"publisher\":{\"@id\":\"https:\/\/voresbroen.dk\/#organization\"},\"potentialAction\":[{\"@type\":\"SearchAction\",\"target\":{\"@type\":\"EntryPoint\",\"urlTemplate\":\"https:\/\/voresbroen.dk\/?s={search_term_string}\"},\"query-input\":{\"@type\":\"PropertyValueSpecification\",\"valueRequired\":true,\"valueName\":\"search_term_string\"}}],\"inLanguage\":\"da-DK\"},{\"@type\":\"Organization\",\"@id\":\"https:\/\/voresbroen.dk\/#organization\",\"name\":\"Broen\",\"url\":\"https:\/\/voresbroen.dk\/\",\"logo\":{\"@type\":\"ImageObject\",\"inLanguage\":\"da-DK\",\"@id\":\"https:\/\/voresbroen.dk\/#\/schema\/logo\/image\/\",\"url\":\"https:\/\/voresbroen.dk\/wp-content\/uploads\/2025\/10\/BROEN-LOGO-hvid-scaled.png\",\"contentUrl\":\"https:\/\/voresbroen.dk\/wp-content\/uploads\/2025\/10\/BROEN-LOGO-hvid-scaled.png\",\"width\":2560,\"height\":828,\"caption\":\"Broen\"},\"image\":{\"@id\":\"https:\/\/voresbroen.dk\/#\/schema\/logo\/image\/\"}}]}<\/script>\n<!-- \/ Yoast SEO plugin. -->","yoast_head_json":{"title":"Broen Bjerringbro - Kultur og cafe","description":"Broen er Bjerringbros m\u00f8de- og kultursted for unge. Caf\u00e9, koncerter, stand-up og mere. H\u00e6ng ud, lav lektier eller skab dig.","robots":{"index":"index","follow":"follow","max-snippet":"max-snippet:-1","max-image-preview":"max-image-preview:large","max-video-preview":"max-video-preview:-1"},"canonical":"https:\/\/voresbroen.dk\/","og_locale":"da_DK","og_type":"article","og_title":"Broen Bjerringbro - Kultur og cafe","og_description":"Broen er Bjerringbros m\u00f8de- og kultursted for unge. Caf\u00e9, koncerter, stand-up og mere. H\u00e6ng ud, lav lektier eller skab dig.","og_url":"https:\/\/voresbroen.dk\/","og_site_name":"Broen","article_modified_time":"2025-11-27T14:59:59+00:00","twitter_card":"summary_large_image","schema":{"@context":"https:\/\/schema.org","@graph":[{"@type":"WebPage","@id":"https:\/\/voresbroen.dk\/","url":"https:\/\/voresbroen.dk\/","name":"Broen Bjerringbro - Kultur og cafe","isPartOf":{"@id":"https:\/\/voresbroen.dk\/#website"},"datePublished":"2025-10-09T12:38:43+00:00","dateModified":"2025-11-27T14:59:59+00:00","description":"Broen er Bjerringbros m\u00f8de- og kultursted for unge. Caf\u00e9, koncerter, stand-up og mere. H\u00e6ng ud, lav lektier eller skab dig.","breadcrumb":{"@id":"https:\/\/voresbroen.dk\/#breadcrumb"},"inLanguage":"da-DK","potentialAction":[{"@type":"ReadAction","target":["https:\/\/voresbroen.dk\/"]}]},{"@type":"BreadcrumbList","@id":"https:\/\/voresbroen.dk\/#breadcrumb","itemListElement":[{"@type":"ListItem","position":1,"name":"Hjem","item":"https:\/\/voresbroen.dk\/"},{"@type":"ListItem","position":2,"name":"Home"}]},{"@type":"WebSite","@id":"https:\/\/voresbroen.dk\/#website","url":"https:\/\/voresbroen.dk\/","name":"Broen","description":"Skabt af de unge - for de unge","publisher":{"@id":"https:\/\/voresbroen.dk\/#organization"},"potentialAction":[{"@type":"SearchAction","target":{"@type":"EntryPoint","urlTemplate":"https:\/\/voresbroen.dk\/?s={search_term_string}"},"query-input":{"@type":"PropertyValueSpecification","valueRequired":true,"valueName":"search_term_string"}}],"inLanguage":"da-DK"},{"@type":"Organization","@id":"https:\/\/voresbroen.dk\/#organization","name":"Broen","url":"https:\/\/voresbroen.dk\/","logo":{"@type":"ImageObject","inLanguage":"da-DK","@id":"https:\/\/voresbroen.dk\/#\/schema\/logo\/image\/","url":"https:\/\/voresbroen.dk\/wp-content\/uploads\/2025\/10\/BROEN-LOGO-hvid-scaled.png","contentUrl":"https:\/\/voresbroen.dk\/wp-content\/uploads\/2025\/10\/BROEN-LOGO-hvid-scaled.png","width":2560,"height":828,"caption":"Broen"},"image":{"@id":"https:\/\/voresbroen.dk\/#\/schema\/logo\/image\/"}}]}},"_links":{"self":[{"href":"https:\/\/voresbroen.dk\/index.php\/wp-json\/wp\/v2\/pages\/116","targetHints":{"allow":["GET"]}}],"collection":[{"href":"https:\/\/voresbroen.dk\/index.php\/wp-json\/wp\/v2\/pages"}],"about":[{"href":"https:\/\/voresbroen.dk\/index.php\/wp-json\/wp\/v2\/types\/page"}],"author":[{"embeddable":true,"href":"https:\/\/voresbroen.dk\/index.php\/wp-json\/wp\/v2\/users\/1"}],"replies":[{"embeddable":true,"href":"https:\/\/voresbroen.dk\/index.php\/wp-json\/wp\/v2\/comments?post=116"}],"version-history":[{"count":11,"href":"https:\/\/voresbroen.dk\/index.php\/wp-json\/wp\/v2\/pages\/116\/revisions"}],"predecessor-version":[{"id":282,"href":"https:\/\/voresbroen.dk\/index.php\/wp-json\/wp\/v2\/pages\/116\/revisions\/282"}],"wp:attachment":[{"href":"https:\/\/voresbroen.dk\/index.php\/wp-json\/wp\/v2\/media?parent=116"}],"curies":[{"name":"wp","href":"https:\/\/api.w.org\/{rel}","templated":true}]}}